{"id":234358,"date":"2024-01-30T15:11:11","date_gmt":"2024-01-30T20:11:11","guid":{"rendered":"https:\/\/community.interfacing.com\/faq-2\/"},"modified":"2024-01-30T15:11:11","modified_gmt":"2024-01-30T20:11:11","slug":"faq-2","status":"publish","type":"page","link":"https:\/\/community.interfacing.com\/fr\/faq-2\/","title":{"rendered":"FAQ"},"content":{"rendered":"<div class=\"cmfaq cmfaq-two-columns shortcode\" id=\"cmfaq\">\r\n    <div class=\"cmfaq-search\">\r\n    <form method=\"get\" action=\"https:\/\/community.interfacing.com\/fr\/\" autocomplete=\"off\">\r\n        <input type=\"hidden\" name=\"post_type\" value=\"cmfaq_question\" \/>\r\n                        <input type=\"text\" name=\"s\" class=\"cmfaq-search-input cmfaq-clearable\" value=\"\" placeholder=\"Search ...\" \/>\r\n                <input type=\"submit\" style=\"display: none\" \/>\r\n        <div class=\"cmfaq-search-suggestion-wrapper\"><\/div>\r\n    <\/form>\r\n<\/div>    <div class=\"cmfaq-main\">\r\n        <div class=\"cmfaq-tile-sizer\"><\/div><div class=\"cmfaq-tile\"><h4 class=\"cmfaq-tile-title\"><a class=\"cmfaq-tile-title-link\" href=\"https:\/\/community.interfacing.com\/fr\/s15cm-faq-fr-category\/epc-enterprise-process-center-centre-de-processus-dentreprise\/\">EPC - Enterprise Process Center (Centre de processus d&#039;entreprise)<\/a><\/h4><div class=\"cmfaq-tile-posts\"><div class=\"cmfaq-tile-post\"><a class=\"cmfaq-tile-post-link\" href=\"https:\/\/community.interfacing.com\/fr\/s:15:&quot;cm-faq-question&quot;;\/un-adversaire-peut-il-prendre-lempreinte-du-serveur-web-a-partir-des-reponses-http\/\">Un adversaire peut-il prendre l'empreinte du serveur web \u00e0 partir des r\u00e9ponses http ?<\/a><\/div><div class=\"cmfaq-tile-post\"><a class=\"cmfaq-tile-post-link\" href=\"https:\/\/community.interfacing.com\/fr\/s:15:&quot;cm-faq-question&quot;;\/un-administrateur-de-systeme-sera-t-il-en-mesure-doutrepasser-les-autorisations-deny-qui-lui-ont-ete-attribuees-sur-lapplication-epc\/\">Un administrateur de syst\u00e8me sera-t-il en mesure d'outrepasser les autorisations DENY qui lui ont \u00e9t\u00e9 attribu\u00e9es sur l'application EPC ?<\/a><\/div><div class=\"cmfaq-tile-post\"><a class=\"cmfaq-tile-post-link\" href=\"https:\/\/community.interfacing.com\/fr\/s:15:&quot;cm-faq-question&quot;;\/les-donnees-didentification-de-lutilisateur-sont-elles-transmises-en-texte-clair-ou-sous-forme-cryptee\/\">Les donn\u00e9es d'identification de l'utilisateur - Sont-elles transmises en texte clair ou sous forme crypt\u00e9e ?<\/a><\/div><\/div><\/div><div class=\"cmfaq-tile-sizer\"><\/div><div class=\"cmfaq-tile\"><h4 class=\"cmfaq-tile-title\"><a class=\"cmfaq-tile-title-link\" href=\"https:\/\/community.interfacing.com\/fr\/s15cm-faq-fr-category\/integration-lintegration\/\">L&#039;int\u00e9gration<\/a><\/h4><div class=\"cmfaq-tile-posts\"><div class=\"cmfaq-tile-post\"><a class=\"cmfaq-tile-post-link\" href=\"https:\/\/community.interfacing.com\/fr\/s:15:&quot;cm-faq-question&quot;;\/exemple-de-question-sur-lintegration\/\">Exemple de question sur l'int\u00e9gration<\/a><\/div><\/div><\/div><br class=\"cmfaq-clear\" \/><div class=\"cmfaq-tile-sizer\"><\/div><div class=\"cmfaq-tile\"><h4 class=\"cmfaq-tile-title\"><a class=\"cmfaq-tile-title-link\" href=\"https:\/\/community.interfacing.com\/fr\/s15cm-faq-fr-category\/service-delivery-service-de-livraison\/\">Service de livraison<\/a><\/h4><div class=\"cmfaq-tile-posts\"><div class=\"cmfaq-tile-post\"><a class=\"cmfaq-tile-post-link\" href=\"https:\/\/community.interfacing.com\/fr\/s:15:&quot;cm-faq-question&quot;;\/exemple-de-question-concernant-la-prestation-de-services\/\">Exemple de question concernant la prestation de services<\/a><\/div><\/div><\/div><div class=\"cmfaq-tile-sizer\"><\/div><div class=\"cmfaq-tile\"><h4 class=\"cmfaq-tile-title\"><a class=\"cmfaq-tile-title-link\" href=\"https:\/\/community.interfacing.com\/fr\/s15cm-faq-fr-category\/general-information-informations-generales\/\">Informations g\u00e9n\u00e9rales<\/a><\/h4><div class=\"cmfaq-tile-posts\"><div class=\"cmfaq-tile-post\"><a class=\"cmfaq-tile-post-link\" href=\"https:\/\/community.interfacing.com\/fr\/s:15:&quot;cm-faq-question&quot;;\/fournissez-vous-des-videos-de-formation-pour-maider-a-apprendre-lepc\/\">Fournissez-vous des vid\u00e9os de formation pour m'aider \u00e0 apprendre l'EPC ?<\/a><\/div><\/div><\/div><br class=\"cmfaq-clear\" \/><div class=\"cmfaq-tile-sizer\"><\/div><div class=\"cmfaq-tile\"><h4 class=\"cmfaq-tile-title\"><a class=\"cmfaq-tile-title-link\" href=\"https:\/\/community.interfacing.com\/fr\/s15cm-faq-fr-category\/training-entrainement\/\">Entra\u00eenement<\/a><\/h4><div class=\"cmfaq-tile-posts\"><div class=\"cmfaq-tile-post\"><a class=\"cmfaq-tile-post-link\" href=\"https:\/\/community.interfacing.com\/fr\/s:15:&quot;cm-faq-question&quot;;\/fournissez-vous-des-videos-de-formation-pour-maider-a-apprendre-lepc\/\">Fournissez-vous des vid\u00e9os de formation pour m'aider \u00e0 apprendre l'EPC ?<\/a><\/div><div class=\"cmfaq-tile-post\"><a class=\"cmfaq-tile-post-link\" href=\"https:\/\/community.interfacing.com\/fr\/s:15:&quot;cm-faq-question&quot;;\/pourquoi-me-demande-t-on-toujours-quels-sont-mes-parametres-lorsque-jessaie-de-modifier-une-carte\/\">Pourquoi me demande-t-on toujours quels sont mes param\u00e8tres lorsque j'essaie de modifier une carte ?<\/a><\/div><div class=\"cmfaq-tile-post\"><a class=\"cmfaq-tile-post-link\" href=\"https:\/\/community.interfacing.com\/fr\/s:15:&quot;cm-faq-question&quot;;\/pourquoi-ma-carte-ne-saffiche-t-elle-pas-de-la-meme-maniere-que-lorsque-je-lai-editee\/\">Pourquoi ma carte ne s'affiche-t-elle pas de la m\u00eame mani\u00e8re que lorsque je l'ai \u00e9dit\u00e9e ?<\/a><\/div><\/div><\/div><div class=\"cmfaq-tile-sizer\"><\/div><div class=\"cmfaq-tile\"><h4 class=\"cmfaq-tile-title\"><a class=\"cmfaq-tile-title-link\" href=\"https:\/\/community.interfacing.com\/fr\/s15cm-faq-fr-category\/security-securite\/\">S\u00e9curit\u00e9<\/a><\/h4><div class=\"cmfaq-tile-posts\"><div class=\"cmfaq-tile-post\"><a class=\"cmfaq-tile-post-link\" href=\"https:\/\/community.interfacing.com\/fr\/s:15:&quot;cm-faq-question&quot;;\/un-adversaire-peut-il-prendre-lempreinte-du-serveur-web-a-partir-des-reponses-http\/\">Un adversaire peut-il prendre l'empreinte du serveur web \u00e0 partir des r\u00e9ponses http ?<\/a><\/div><div class=\"cmfaq-tile-post\"><a class=\"cmfaq-tile-post-link\" href=\"https:\/\/community.interfacing.com\/fr\/s:15:&quot;cm-faq-question&quot;;\/les-donnees-didentification-de-lutilisateur-sont-elles-transmises-en-texte-clair-ou-sous-forme-cryptee\/\">Les donn\u00e9es d'identification de l'utilisateur - Sont-elles transmises en texte clair ou sous forme crypt\u00e9e ?<\/a><\/div><div class=\"cmfaq-tile-post\"><a class=\"cmfaq-tile-post-link\" href=\"https:\/\/community.interfacing.com\/fr\/s:15:&quot;cm-faq-question&quot;;\/lapplication-epc-est-elle-susceptible-de-faire-lobjet-dune-attaque-par-force-brute\/\">L'application EPC est-elle susceptible de faire l'objet d'une attaque par force brute ?<\/a><\/div><div class=\"cmfaq-tile-post\"><a class=\"cmfaq-tile-post-link\" href=\"https:\/\/community.interfacing.com\/fr\/s:15:&quot;cm-faq-question&quot;;\/en-tant-quadministrateur-du-systeme-quelles-options-de-niveau-dautorisation-dois-je-mettre-en-oeuvre-pour-un-utilisateur-non-administrateur-dans-un-environnement-specifique\/\">En tant qu'administrateur du syst\u00e8me, quelles options de niveau d'autorisation dois-je mettre en \u0153uvre pour un utilisateur non administrateur dans un environnement sp\u00e9cifique ?<\/a><\/div><\/div><\/div><br class=\"cmfaq-clear\" \/><div class=\"cmfaq-tile-sizer\"><\/div><div class=\"cmfaq-tile\"><h4 class=\"cmfaq-tile-title\"><a class=\"cmfaq-tile-title-link\" href=\"https:\/\/community.interfacing.com\/fr\/s15cm-faq-fr-category\/dbp-digital-business-platform-bpms-a-code-reduit\/\">DBP - Digital Business Platform - BPMS \u00e0 code r\u00e9duit<\/a><\/h4><div class=\"cmfaq-tile-posts\"><div class=\"cmfaq-tile-post\"><a class=\"cmfaq-tile-post-link\" href=\"https:\/\/community.interfacing.com\/fr\/s:15:&quot;cm-faq-question&quot;;\/jai-soumis-ma-tache-mais-jai-oublie-mon-numero-de-suivi-comment-puis-je-le-recuperer\/\">J'ai soumis ma t\u00e2che mais j'ai oubli\u00e9 mon num\u00e9ro de suivi. Comment puis-je le r\u00e9cup\u00e9rer ?<\/a><\/div><div class=\"cmfaq-tile-post\"><a class=\"cmfaq-tile-post-link\" href=\"https:\/\/community.interfacing.com\/fr\/s:15:&quot;cm-faq-question&quot;;\/comment-tester-les-regles-avant-de-deployer-une-application\/\">Comment tester les r\u00e8gles avant de d\u00e9ployer une application ?<\/a><\/div><\/div><\/div><br class=\"cmfaq-clear\" \/>    <\/div>\r\n    <div class=\"cmfaq-side\">\r\n        <div class=\"cmfaq-categories\"><h2 class=\"cmfaq-categories-title\">Categories<\/h2><ul class=\"cmfaq-categories-list\"><li class=\"cmfaq-categories-list-entry\"><a class=\"cmfaq-categories-list-entry-link\" href=\"https:\/\/community.interfacing.com\/fr\/s15cm-faq-fr-category\/epc-enterprise-process-center-centre-de-processus-dentreprise\/\">EPC - Enterprise Process Center (Centre de processus d&#039;entreprise)<\/a><\/li><li class=\"cmfaq-categories-list-entry\"><a class=\"cmfaq-categories-list-entry-link\" href=\"https:\/\/community.interfacing.com\/fr\/s15cm-faq-fr-category\/integration-lintegration\/\">L&#039;int\u00e9gration<\/a><\/li><li class=\"cmfaq-categories-list-entry\"><a class=\"cmfaq-categories-list-entry-link\" href=\"https:\/\/community.interfacing.com\/fr\/s15cm-faq-fr-category\/service-delivery-service-de-livraison\/\">Service de livraison<\/a><\/li><li class=\"cmfaq-categories-list-entry\"><a class=\"cmfaq-categories-list-entry-link\" href=\"https:\/\/community.interfacing.com\/fr\/s15cm-faq-fr-category\/general-information-informations-generales\/\">Informations g\u00e9n\u00e9rales<\/a><\/li><li class=\"cmfaq-categories-list-entry\"><a class=\"cmfaq-categories-list-entry-link\" href=\"https:\/\/community.interfacing.com\/fr\/s15cm-faq-fr-category\/training-entrainement\/\">Entra\u00eenement<\/a><\/li><li class=\"cmfaq-categories-list-entry\"><a class=\"cmfaq-categories-list-entry-link\" href=\"https:\/\/community.interfacing.com\/fr\/s15cm-faq-fr-category\/security-securite\/\">S\u00e9curit\u00e9<\/a><\/li><li class=\"cmfaq-categories-list-entry\"><a class=\"cmfaq-categories-list-entry-link\" href=\"https:\/\/community.interfacing.com\/fr\/s15cm-faq-fr-category\/dbp-digital-business-platform-bpms-a-code-reduit\/\">DBP - Digital Business Platform - BPMS \u00e0 code r\u00e9duit<\/a><\/li><\/ul><\/div><div class=\"cmfaq-tags\"><h2 class=\"cmfaq-tags-title\">Tags<\/h2><a href=\"https:\/\/community.interfacing.com\/fr\/s:10:cm-faq-tag;\/administrateur-systeme\/\" class=\"tag-cloud-link tag-link-176 tag-link-position-1\" style=\"font-size: 8pt;\" aria-label=\"administrateur syst\u00e8me (1 \u00e9l\u00e9ment)\">administrateur syst\u00e8me<\/a>\n<a href=\"https:\/\/community.interfacing.com\/fr\/s:10:cm-faq-tag;\/autorisations\/\" class=\"tag-cloud-link tag-link-175 tag-link-position-2\" style=\"font-size: 18.5pt;\" aria-label=\"autorisations (3 \u00e9l\u00e9ments)\">autorisations<\/a>\n<a href=\"https:\/\/community.interfacing.com\/fr\/s:10:cm-faq-tag;\/bpmn-fr\/\" class=\"tag-cloud-link tag-link-180 tag-link-position-3\" style=\"font-size: 8pt;\" aria-label=\"bpmn (1 \u00e9l\u00e9ment)\">bpmn<\/a>\n<a href=\"https:\/\/community.interfacing.com\/fr\/s:10:cm-faq-tag;\/cartographie\/\" class=\"tag-cloud-link tag-link-179 tag-link-position-4\" style=\"font-size: 8pt;\" aria-label=\"cartographie (1 \u00e9l\u00e9ment)\">cartographie<\/a>\n<a href=\"https:\/\/community.interfacing.com\/fr\/s:10:cm-faq-tag;\/chiffrement\/\" class=\"tag-cloud-link tag-link-189 tag-link-position-5\" style=\"font-size: 14.3pt;\" aria-label=\"chiffrement (2 \u00e9l\u00e9ments)\">chiffrement<\/a>\n<a href=\"https:\/\/community.interfacing.com\/fr\/s:10:cm-faq-tag;\/cours\/\" class=\"tag-cloud-link tag-link-184 tag-link-position-6\" style=\"font-size: 8pt;\" aria-label=\"cours (1 \u00e9l\u00e9ment)\">cours<\/a>\n<a href=\"https:\/\/community.interfacing.com\/fr\/s:10:cm-faq-tag;\/debogage\/\" class=\"tag-cloud-link tag-link-171 tag-link-position-7\" style=\"font-size: 8pt;\" aria-label=\"d\u00e9bogage (1 \u00e9l\u00e9ment)\">d\u00e9bogage<\/a>\n<a href=\"https:\/\/community.interfacing.com\/fr\/s:10:cm-faq-tag;\/empreinte-digitale\/\" class=\"tag-cloud-link tag-link-192 tag-link-position-8\" style=\"font-size: 8pt;\" aria-label=\"empreinte digitale (1 \u00e9l\u00e9ment)\">empreinte digitale<\/a>\n<a href=\"https:\/\/community.interfacing.com\/fr\/s:10:cm-faq-tag;\/epc-fr\/\" class=\"tag-cloud-link tag-link-178 tag-link-position-9\" style=\"font-size: 22pt;\" aria-label=\"epc (4 \u00e9l\u00e9ments)\">epc<\/a>\n<a href=\"https:\/\/community.interfacing.com\/fr\/s:10:cm-faq-tag;\/formation\/\" class=\"tag-cloud-link tag-link-183 tag-link-position-10\" style=\"font-size: 8pt;\" aria-label=\"formation (1 \u00e9l\u00e9ment)\">formation<\/a>\n<a href=\"https:\/\/community.interfacing.com\/fr\/s:10:cm-faq-tag;\/lintegration\/\" class=\"tag-cloud-link tag-link-188 tag-link-position-11\" style=\"font-size: 8pt;\" aria-label=\"l&#039;int\u00e9gration (1 \u00e9l\u00e9ment)\">l&#039;int\u00e9gration<\/a>\n<a href=\"https:\/\/community.interfacing.com\/fr\/s:10:cm-faq-tag;\/liste-de-taches\/\" class=\"tag-cloud-link tag-link-173 tag-link-position-12\" style=\"font-size: 8pt;\" aria-label=\"liste de t\u00e2ches (1 \u00e9l\u00e9ment)\">liste de t\u00e2ches<\/a>\n<a href=\"https:\/\/community.interfacing.com\/fr\/s:10:cm-faq-tag;\/modelisateur\/\" class=\"tag-cloud-link tag-link-181 tag-link-position-13\" style=\"font-size: 8pt;\" aria-label=\"mod\u00e9lisateur (1 \u00e9l\u00e9ment)\">mod\u00e9lisateur<\/a>\n<a href=\"https:\/\/community.interfacing.com\/fr\/s:10:cm-faq-tag;\/numero-de-suivi\/\" class=\"tag-cloud-link tag-link-172 tag-link-position-14\" style=\"font-size: 8pt;\" aria-label=\"num\u00e9ro de suivi (1 \u00e9l\u00e9ment)\">num\u00e9ro de suivi<\/a>\n<a href=\"https:\/\/community.interfacing.com\/fr\/s:10:cm-faq-tag;\/prestation-de-services\/\" class=\"tag-cloud-link tag-link-186 tag-link-position-15\" style=\"font-size: 8pt;\" aria-label=\"prestation de services (1 \u00e9l\u00e9ment)\">prestation de services<\/a>\n<a href=\"https:\/\/community.interfacing.com\/fr\/s:10:cm-faq-tag;\/regles\/\" class=\"tag-cloud-link tag-link-170 tag-link-position-16\" style=\"font-size: 8pt;\" aria-label=\"r\u00e8gles (1 \u00e9l\u00e9ment)\">r\u00e8gles<\/a>\n<a href=\"https:\/\/community.interfacing.com\/fr\/s:10:cm-faq-tag;\/serveur-web\/\" class=\"tag-cloud-link tag-link-191 tag-link-position-17\" style=\"font-size: 8pt;\" aria-label=\"serveur web (1 \u00e9l\u00e9ment)\">serveur web<\/a><\/div>    <\/div>\r\n<\/div>\n","protected":false},"excerpt":{"rendered":"","protected":false},"author":47,"featured_media":0,"parent":0,"menu_order":0,"comment_status":"closed","ping_status":"closed","template":"","meta":{"_et_pb_use_builder":"","_et_pb_old_content":"","_et_gb_content_width":"","inline_featured_image":false,"cybocfi_hide_featured_image":"","footnotes":""},"class_list":["post-234358","page","type-page","status-publish","hentry"],"yoast_head":"<!-- This site is optimized with the Yoast SEO plugin v27.3 - https:\/\/yoast.com\/product\/yoast-seo-wordpress\/ -->\n<title>FAQ - Interfacing Community<\/title>\n<meta name=\"robots\" content=\"index, follow, max-snippet:-1, max-image-preview:large, max-video-preview:-1\" \/>\n<link rel=\"canonical\" href=\"https:\/\/community.interfacing.com\/fr\/faq-2\/\" \/>\n<meta property=\"og:locale\" content=\"fr_FR\" \/>\n<meta property=\"og:type\" content=\"article\" \/>\n<meta property=\"og:title\" content=\"FAQ - Interfacing Community\" \/>\n<meta property=\"og:url\" content=\"https:\/\/community.interfacing.com\/fr\/faq-2\/\" \/>\n<meta property=\"og:site_name\" content=\"Interfacing Community\" \/>\n<meta name=\"twitter:card\" content=\"summary_large_image\" \/>\n<script type=\"application\/ld+json\" class=\"yoast-schema-graph\">{\"@context\":\"https:\\\/\\\/schema.org\",\"@graph\":[{\"@type\":\"WebPage\",\"@id\":\"https:\\\/\\\/community.interfacing.com\\\/fr\\\/faq-2\\\/\",\"url\":\"https:\\\/\\\/community.interfacing.com\\\/fr\\\/faq-2\\\/\",\"name\":\"FAQ - Interfacing Community\",\"isPartOf\":{\"@id\":\"https:\\\/\\\/community.interfacing.com\\\/fr\\\/#website\"},\"datePublished\":\"2024-01-30T20:11:11+00:00\",\"breadcrumb\":{\"@id\":\"https:\\\/\\\/community.interfacing.com\\\/fr\\\/faq-2\\\/#breadcrumb\"},\"inLanguage\":\"fr-FR\",\"potentialAction\":[{\"@type\":\"ReadAction\",\"target\":[\"https:\\\/\\\/community.interfacing.com\\\/fr\\\/faq-2\\\/\"]}]},{\"@type\":\"BreadcrumbList\",\"@id\":\"https:\\\/\\\/community.interfacing.com\\\/fr\\\/faq-2\\\/#breadcrumb\",\"itemListElement\":[{\"@type\":\"ListItem\",\"position\":1,\"name\":\"Home\",\"item\":\"https:\\\/\\\/community.interfacing.com\\\/fr\\\/\"},{\"@type\":\"ListItem\",\"position\":2,\"name\":\"FAQ\"}]},{\"@type\":\"WebSite\",\"@id\":\"https:\\\/\\\/community.interfacing.com\\\/fr\\\/#website\",\"url\":\"https:\\\/\\\/community.interfacing.com\\\/fr\\\/\",\"name\":\"Interfacing Community\",\"description\":\"Where BPM and eBPA professionals exchange best digital transformation practices\",\"potentialAction\":[{\"@type\":\"SearchAction\",\"target\":{\"@type\":\"EntryPoint\",\"urlTemplate\":\"https:\\\/\\\/community.interfacing.com\\\/fr\\\/?s={search_term_string}\"},\"query-input\":{\"@type\":\"PropertyValueSpecification\",\"valueRequired\":true,\"valueName\":\"search_term_string\"}}],\"inLanguage\":\"fr-FR\"}]}<\/script>\n<!-- \/ Yoast SEO plugin. -->","yoast_head_json":{"title":"FAQ - Interfacing Community","robots":{"index":"index","follow":"follow","max-snippet":"max-snippet:-1","max-image-preview":"max-image-preview:large","max-video-preview":"max-video-preview:-1"},"canonical":"https:\/\/community.interfacing.com\/fr\/faq-2\/","og_locale":"fr_FR","og_type":"article","og_title":"FAQ - Interfacing Community","og_url":"https:\/\/community.interfacing.com\/fr\/faq-2\/","og_site_name":"Interfacing Community","twitter_card":"summary_large_image","schema":{"@context":"https:\/\/schema.org","@graph":[{"@type":"WebPage","@id":"https:\/\/community.interfacing.com\/fr\/faq-2\/","url":"https:\/\/community.interfacing.com\/fr\/faq-2\/","name":"FAQ - Interfacing Community","isPartOf":{"@id":"https:\/\/community.interfacing.com\/fr\/#website"},"datePublished":"2024-01-30T20:11:11+00:00","breadcrumb":{"@id":"https:\/\/community.interfacing.com\/fr\/faq-2\/#breadcrumb"},"inLanguage":"fr-FR","potentialAction":[{"@type":"ReadAction","target":["https:\/\/community.interfacing.com\/fr\/faq-2\/"]}]},{"@type":"BreadcrumbList","@id":"https:\/\/community.interfacing.com\/fr\/faq-2\/#breadcrumb","itemListElement":[{"@type":"ListItem","position":1,"name":"Home","item":"https:\/\/community.interfacing.com\/fr\/"},{"@type":"ListItem","position":2,"name":"FAQ"}]},{"@type":"WebSite","@id":"https:\/\/community.interfacing.com\/fr\/#website","url":"https:\/\/community.interfacing.com\/fr\/","name":"Interfacing Community","description":"Where BPM and eBPA professionals exchange best digital transformation practices","potentialAction":[{"@type":"SearchAction","target":{"@type":"EntryPoint","urlTemplate":"https:\/\/community.interfacing.com\/fr\/?s={search_term_string}"},"query-input":{"@type":"PropertyValueSpecification","valueRequired":true,"valueName":"search_term_string"}}],"inLanguage":"fr-FR"}]}},"_links":{"self":[{"href":"https:\/\/community.interfacing.com\/fr\/wp-json\/wp\/v2\/pages\/234358","targetHints":{"allow":["GET"]}}],"collection":[{"href":"https:\/\/community.interfacing.com\/fr\/wp-json\/wp\/v2\/pages"}],"about":[{"href":"https:\/\/community.interfacing.com\/fr\/wp-json\/wp\/v2\/types\/page"}],"author":[{"embeddable":true,"href":"https:\/\/community.interfacing.com\/fr\/wp-json\/wp\/v2\/users\/47"}],"replies":[{"embeddable":true,"href":"https:\/\/community.interfacing.com\/fr\/wp-json\/wp\/v2\/comments?post=234358"}],"version-history":[{"count":0,"href":"https:\/\/community.interfacing.com\/fr\/wp-json\/wp\/v2\/pages\/234358\/revisions"}],"wp:attachment":[{"href":"https:\/\/community.interfacing.com\/fr\/wp-json\/wp\/v2\/media?parent=234358"}],"curies":[{"name":"wp","href":"https:\/\/api.w.org\/{rel}","templated":true}]}}