{"id":229873,"date":"2021-05-05T15:01:37","date_gmt":"2021-05-05T19:01:37","guid":{"rendered":"https:\/\/community.interfacing.com\/privacy-statement-ca\/"},"modified":"2021-05-05T15:01:37","modified_gmt":"2021-05-05T19:01:37","slug":"privacy-statement-ca","status":"publish","type":"page","link":"https:\/\/community.interfacing.com\/fr\/privacy-statement-ca\/","title":{"rendered":"Privacy Statement (CA)"},"content":{"rendered":"\n<!-- This legal document was generated by Complianz | GDPR\/CCPA Cookie Consent https:\/\/wordpress.org\/plugins\/complianz-gdpr -->\n<div id=\"cmplz-document\" class=\"cmplz-document privacy-statement\"><p><i>Cette d\u00e9claration de confidentialit\u00e9 a \u00e9t\u00e9 modifi\u00e9e pour la derni\u00e8re fois le 5 mai 2021, consult\u00e9e pour la derni\u00e8re fois le 9 avril 2026, et s\u2019applique aux citoyens du Canada.<\/i><\/p><p>Dans cette d\u00e9claration de confidentialit\u00e9, nous expliquons ce que nous faisons avec les donn\u00e9es que nous obtenons \u00e0 votre sujet via <a href=\"https:\/\/community.interfacing.com\/fr\/\">https:\/\/community.interfacing.com\/fr\/<\/a>. Nous vous recommandons de lire attentivement cette d\u00e9claration. Lors de notre traitement, nous nous conformons aux exigences de la l\u00e9gislation sur la confidentialit\u00e9. Cela signifie, entre autres, que\u00a0:<ul>\n                <li>nous indiquons clairement dans quels buts nous traitons les donn\u00e9es personnelles. Nous faisons cela au moyen de cette d\u00e9claration de confidentialit\u00e9;<\/li>\n                <li>nous visons \u00e0 limiter notre recueil de donn\u00e9es personnelles uniquement aux donn\u00e9es personnelles n\u00e9cessaires \u00e0 des fins l\u00e9gitimes;<\/li>\n                <li>nous demandons d\u2019abord votre consentement explicite pour traiter vos donn\u00e9es personnelles dans les cas n\u00e9cessitant votre consentement;<\/li>\n                <li>nous prenons des mesures de s\u00e9curit\u00e9 appropri\u00e9es afin de prot\u00e9ger vos donn\u00e9es personnelles, et nous en demandons autant des parties traitant des donn\u00e9es personnelles pour nous;<\/li>\n                <li>nous respectons votre droit de consulter, corriger ou supprimer vos donn\u00e9es personnelles si vous en formulez la demande.<\/li>\n            <\/ul><\/p>Si vous avez des questions ou souhaitez savoir exactement quelles donn\u00e9es nous conservons, veuillez nous contacter.<h2>1. Finalit\u00e9 et cat\u00e9gories de donn\u00e9es<\/h2>Les cat\u00e9gories d\u2019informations personnelles \u00e0 collecter et la finalit\u00e9 pour laquelle ces cat\u00e9gories sont utilis\u00e9es.<p class=\"cmplz-subtitle\">1.1 Nous utilisons vos donn\u00e9es dans le but suivant\u00a0:<\/p>Contact &#8211; Par t\u00e9l\u00e9phone, courrier, e-mail et\/ou formulaires web<p class=\"cmplz-subtitle\">Les cat\u00e9gories de donn\u00e9es suivantes sont collect\u00e9es<\/p><ul><li>Un pr\u00e9nom et un nom de famille<\/li><li>Nom du compte ou pseudonyme<\/li><li>Une adresse de messagerie<\/li><\/ul><p class=\"cmplz-subtitle\">1.2 Nous utilisons vos donn\u00e9es dans le but suivant\u00a0:<\/p>Enregistrement d\u2019un compte<p class=\"cmplz-subtitle\">Les cat\u00e9gories de donn\u00e9es suivantes sont collect\u00e9es<\/p><ul><li>Un pr\u00e9nom et un nom de famille<\/li><li>Nom du compte ou pseudonyme<\/li><li>Une adresse de messagerie<\/li><\/ul><p class=\"cmplz-subtitle\">1.3 Nous utilisons vos donn\u00e9es dans le but suivant\u00a0:<\/p>Infolettres<p class=\"cmplz-subtitle\">Les cat\u00e9gories de donn\u00e9es suivantes sont collect\u00e9es<\/p><ul><li>Un pr\u00e9nom et un nom de famille<\/li><li>Nom du compte ou pseudonyme<\/li><li>Une adresse de messagerie<\/li><\/ul><h2>2. Partage avec d\u2019autres parties<\/h2><p>Nous ne partageons pas donn\u00e9es avec des tierces parties.<\/p><p>Nous divulguons des informations personnelles si la loi ou une d\u00e9cision de justice nous y oblige, en r\u00e9ponse \u00e0 une agence du maintien de l\u2019ordre, dans la mesure o\u00f9 cela est permis par d\u2019autres dispositions juridiques, pour fournir des informations, ou pour une enqu\u00eate en lien avec la s\u00e9curit\u00e9 publique.<\/p><h2>3. Comment nous r\u00e9pondons aux demandes Ne pas me pister &amp; Contr\u00f4le global de confidentialit\u00e9<\/h2><p>Notre site web r\u00e9agit \u00e0 l\u2019en-t\u00eate de requ\u00eate HTTP Ne pas me pister (DNT) et le prend en charge. Si vous activez DNT dans votre navigateur, ces pr\u00e9f\u00e9rences nous sont communiqu\u00e9es dans l\u2019en-t\u00eate de requ\u00eate HTTP, et nous ne pisterons pas votre comportement de navigation.<\/p><h2>4. Cookies<\/h2>Notre site web utilise des cookies. Pour plus d\u2019informations sur les cookies, veuillez vous r\u00e9f\u00e9rer \u00e0 notre Politique de cookies sur notre page <a href=\"https:\/\/community.interfacing.com\/fr\/cookie-policy-ca\/\">Cookie Policy (CA)<\/a>.&nbsp;Nous avons conclu un accord de traitement des donn\u00e9es avec Google.Google ne peut utiliser les donn\u00e9es pour aucun autre service Google.<h2>5. S\u00e9curit\u00e9<\/h2>Nous nous engageons \u00e0 la s\u00e9curit\u00e9 des donn\u00e9es personnelles. Nous prenons les mesures de s\u00e9curit\u00e9 appropri\u00e9es pour limiter les abus et l\u2019acc\u00e8s non autoris\u00e9 aux donn\u00e9es personnelles. Cela garantit que seules les personnes n\u00e9cessaires ont acc\u00e8s \u00e0 vos donn\u00e9es, que l\u2019acc\u00e8s aux donn\u00e9es est prot\u00e9g\u00e9 et que nos mesures de s\u00e9curit\u00e9 sont r\u00e9guli\u00e8rement revues.<h2>6. Sites web tiers<\/h2>Cette d\u00e9claration de confidentialit\u00e9 ne s\u2019applique pas aux sites web tiers connect\u00e9s par des liens sur notre site web. Nous ne pouvons garantir que ces tierces parties g\u00e8rent vos donn\u00e9es personnelles de mani\u00e8re fiable ou s\u00e9curis\u00e9e. Nous vous recommandons de lire les d\u00e9clarations de confidentialit\u00e9 de ces sites web avant de les utiliser.<h2>7. Modifications apport\u00e9es \u00e0 cette d\u00e9claration de confidentialit\u00e9<\/h2>Nous nous r\u00e9servons le droit de modifier la pr\u00e9sente d\u00e9claration de confidentialit\u00e9. Il est recommand\u00e9 de consulter r\u00e9guli\u00e8rement cette d\u00e9claration de confidentialit\u00e9 afin de prendre connaissance de toute modification \u00e9ventuelle. De plus, nous vous informerons activement dans la mesure du possible.<h2>8. Acc\u00e9der \u00e0 vos donn\u00e9es et les modifier<\/h2><p>Si vous avez des questions, ou si vous voulez prendre connaissance des donn\u00e9es personnelles que nous stockons \u00e0 votre propos, veuillez nous contacter. Veuillez vous assurer de toujours donner clairement votre identit\u00e9, pour que nous soyons certains de ne pas modifier ou supprimer les donn\u00e9es de la mauvaise personne. Nous ne fournirons les informations demand\u00e9es que lors de la r\u00e9ception d\u2019une demande d\u2019un consommateur v\u00e9rifiable. Vous pouvez nous contacter en utilisant les informations ci-dessous.<\/p><p class=\"cmplz-subtitle\">8.1 Vous avez les droits suivants concernant vos donn\u00e9es personnelles<\/p><ol class=\"alphabetic\">\n                        <li>Vous pouvez envoyer une demande d\u2019acc\u00e8s aux donn\u00e9es vous concernant que nous traitons.<\/li>\n                        <li>Vous pouvez demander une vue d\u2019ensemble, sous un format commun\u00e9ment utilis\u00e9, des donn\u00e9es que nous traitons \u00e0 votre sujet.<\/li>\n                        <li>Vous pouvez demander la correction ou la suppression des donn\u00e9es si elles sont incorrectes ou si elles ne sont plus d\u2019actualit\u00e9. Lorsque cela est appropri\u00e9, les informations modifi\u00e9es seront transmises \u00e0 des tierces parties ayant acc\u00e8s aux informations en question.<\/li>\n                        <li>Vous avez le droit de retirer votre consentement \u00e0 tout moment, sujet \u00e0 des restrictions contractuelles ou juridiques et un pr\u00e9avis raisonnable. Vous serez inform\u00e9(e) des implications d\u2019un tel retrait.<\/li>\n                        <li>Vous avez le droit d\u2019adresser \u00e0 notre organisation une objection concernant tout non respect de la LPRDE et, si le probl\u00e8me n\u2019est pas r\u00e9solu, au Commissariat \u00e0 la protection de la vie priv\u00e9e du Canada.<\/li>\n                        <li>Nous donnerons l\u2019acc\u00e8s aux informations personnelles sous un format alternatif \u00e0 tout individu ayant un handicap sensoriel et le droit \u00e0 l\u2019acc\u00e8s \u00e0 des informations personnelles sous la LRPDE, dans le cas o\u00f9 l\u2019individu demande \u00e0 ce qu\u2019elles soient transmises sous ce format alternatif si (a) une version des informations existe d\u00e9j\u00e0 sous ce format\u00a0; ou (b) leur conversion vers ce format est raisonnable et n\u00e9cessaire afin que l\u2019individu puisse exercer ses droits.<\/li>\n                      <\/ol><h2>9. Enfants<\/h2><p>Notre site web n\u2019est pas con\u00e7u pour les enfants et il n\u2019est pas dans notre intention de recueillir des donn\u00e9es personnelles aupr\u00e8s d\u2019enfants sous l\u2019\u00e2ge de consentement de leur pays de r\u00e9sidence. Nous demandons par cons\u00e9quent aux enfants sous l\u2019\u00e2ge de consentement de ne nous envoyer aucune donn\u00e9e personnelle.<\/p><h2>10. Coordonn\u00e9es<\/h2><p>Interfacing Technologies Corporation<br>\n        460 Saint-Catherine St W, suite 805, Montreal, Quebec H3B 1A6<br>\n        Canada<br>\n        Website: <a href=\"https:\/\/community.interfacing.com\/fr\/\">https:\/\/community.interfacing.com\/fr\/<\/a> <br>\n        Email: <a href=\"mailto:dp&#x6f;&#x40;int&#101;r&#x66;aci&#x6e;g&#046;&#x63;om\">dp&#x6f;&#x40;int&#101;r&#x66;aci&#x6e;g&#046;&#x63;om<\/a> <br>\n        Toll free phone number: +1800 561 5005<br><br>\n        Num\u00e9ro de t\u00e9l\u00e9phone: +1 514 737 7333<br><\/p>Nous avons nomm\u00e9 une personne \u00e0 contacter \u00e0 propos des politiques et pratiques de l\u2019organisation, et \u00e0 qui toute plainte ou demande de renseignement peut \u00eatre transmise\u00a0:<br>Data Protection Officer<br \/>\r\ndpo@interfacing.com<br \/>\r\n460 Saint-Catherine St W, Montreal, Quebec H3B 1A6<h2>Annexe<\/h2><h3>LearnDash LMS<\/h3>\r\nThis sample language includes the basics around what personal data your LMS may be collecting, storing and sharing, as well as who may have access to that data. Depending on what settings are enabled and which additional plugins are used, the specific information shared by your site will vary. We recommend consulting with a lawyer when deciding what information to disclose on your privacy policy.\r\nWe collect information about you during the course purchase process (PayPal, Stripe, and\/or 2Checkout), as well as information relating to your course progression and quiz performance.\r\n<h2>What we collect and store<\/h2>\r\nWhen you purchase from us, we\u2019ll ask you to provide email address. We\u2019ll use this information for purposes, such as, to:\r\n\r\n&#8211;Send you information about your account and order\r\n\r\n&#8211;Create your account for our LMS\r\n\r\nIf you register a free account then we will store your email address.\r\n\r\nWe store information about you for as long as your account exists.\r\n\r\nWe store course progress, including completion status, quiz scores, assignments and\/or essay submissions (if applicable).\r\n\r\nWe will also store comments on courses, lessons, topics, assignments, and essays if you choose to leave them.\r\n<h2>Who on our team has access<\/h2>\r\nMembers of our team have access to the information you provide us. For example, both Administrators and Group Leaders can access:\r\n\r\n&#8211;Order information such as your enrolled courses, course progress and username \/ email address.\r\n\r\nAny additional information added in your WordPress User Profile can also be visible to the administrator(s).\r\n<h2>What we share with others<\/h2>\r\nIn this section you should list who you\u2019re sharing data with, and for what purpose. This could include, but may not be limited to, analytics\/reporting tools, marketing services (such as email services like MailChimp), payment gateways, gamification programs, and third party embeds.\r\n\r\nWe share information with third parties who help us provide our orders and store services to you; for example \u2013 [insert third party platforms and short description of their purpose]\r\n<h2>Payments<\/h2>\r\nIn this subsection you should list which third party payment processors you\u2019re using to take payments on your store since these may handle customer data. We\u2019ve included PayPal below as an example, but you should remove any of these if they are not in use on your site.\r\n\r\nWe accept payments through PayPal. When processing payments, some of your data will be passed to PayPal, including information required to process or support the payment, such as the purchase total and billing information.\r\n\r\nPlease see the <a href=\"https:\/\/www.paypal.com\/us\/webapps\/mpp\/ua\/privacy-full\">PayPal Privacy Policy<\/a> for more details.<\/div>","protected":false},"excerpt":{"rendered":"","protected":false},"author":4,"featured_media":0,"parent":0,"menu_order":0,"comment_status":"closed","ping_status":"closed","template":"","meta":{"_et_pb_use_builder":"","_et_pb_old_content":"","_et_gb_content_width":"","inline_featured_image":false,"cybocfi_hide_featured_image":"","footnotes":""},"class_list":["post-229873","page","type-page","status-publish","hentry"],"yoast_head":"<!-- This site is optimized with the Yoast SEO plugin v27.3 - https:\/\/yoast.com\/product\/yoast-seo-wordpress\/ -->\n<title>Privacy Statement (CA) - Interfacing Community<\/title>\n<meta name=\"robots\" content=\"index, follow, max-snippet:-1, max-image-preview:large, max-video-preview:-1\" \/>\n<link rel=\"canonical\" href=\"https:\/\/community.interfacing.com\/fr\/privacy-statement-ca\/\" \/>\n<meta property=\"og:locale\" content=\"fr_FR\" \/>\n<meta property=\"og:type\" content=\"article\" \/>\n<meta property=\"og:title\" content=\"Privacy Statement (CA) - Interfacing Community\" \/>\n<meta property=\"og:url\" content=\"https:\/\/community.interfacing.com\/fr\/privacy-statement-ca\/\" \/>\n<meta property=\"og:site_name\" content=\"Interfacing Community\" \/>\n<meta name=\"twitter:card\" content=\"summary_large_image\" \/>\n<script type=\"application\/ld+json\" class=\"yoast-schema-graph\">{\"@context\":\"https:\\\/\\\/schema.org\",\"@graph\":[{\"@type\":\"WebPage\",\"@id\":\"https:\\\/\\\/community.interfacing.com\\\/fr\\\/privacy-statement-ca\\\/\",\"url\":\"https:\\\/\\\/community.interfacing.com\\\/fr\\\/privacy-statement-ca\\\/\",\"name\":\"Privacy Statement (CA) - Interfacing Community\",\"isPartOf\":{\"@id\":\"https:\\\/\\\/community.interfacing.com\\\/fr\\\/#website\"},\"datePublished\":\"2021-05-05T19:01:37+00:00\",\"breadcrumb\":{\"@id\":\"https:\\\/\\\/community.interfacing.com\\\/fr\\\/privacy-statement-ca\\\/#breadcrumb\"},\"inLanguage\":\"fr-FR\",\"potentialAction\":[{\"@type\":\"ReadAction\",\"target\":[\"https:\\\/\\\/community.interfacing.com\\\/fr\\\/privacy-statement-ca\\\/\"]}]},{\"@type\":\"BreadcrumbList\",\"@id\":\"https:\\\/\\\/community.interfacing.com\\\/fr\\\/privacy-statement-ca\\\/#breadcrumb\",\"itemListElement\":[{\"@type\":\"ListItem\",\"position\":1,\"name\":\"Home\",\"item\":\"https:\\\/\\\/community.interfacing.com\\\/fr\\\/\"},{\"@type\":\"ListItem\",\"position\":2,\"name\":\"Privacy Statement (CA)\"}]},{\"@type\":\"WebSite\",\"@id\":\"https:\\\/\\\/community.interfacing.com\\\/fr\\\/#website\",\"url\":\"https:\\\/\\\/community.interfacing.com\\\/fr\\\/\",\"name\":\"Interfacing Community\",\"description\":\"Where BPM and eBPA professionals exchange best digital transformation practices\",\"potentialAction\":[{\"@type\":\"SearchAction\",\"target\":{\"@type\":\"EntryPoint\",\"urlTemplate\":\"https:\\\/\\\/community.interfacing.com\\\/fr\\\/?s={search_term_string}\"},\"query-input\":{\"@type\":\"PropertyValueSpecification\",\"valueRequired\":true,\"valueName\":\"search_term_string\"}}],\"inLanguage\":\"fr-FR\"}]}<\/script>\n<!-- \/ Yoast SEO plugin. -->","yoast_head_json":{"title":"Privacy Statement (CA) - Interfacing Community","robots":{"index":"index","follow":"follow","max-snippet":"max-snippet:-1","max-image-preview":"max-image-preview:large","max-video-preview":"max-video-preview:-1"},"canonical":"https:\/\/community.interfacing.com\/fr\/privacy-statement-ca\/","og_locale":"fr_FR","og_type":"article","og_title":"Privacy Statement (CA) - Interfacing Community","og_url":"https:\/\/community.interfacing.com\/fr\/privacy-statement-ca\/","og_site_name":"Interfacing Community","twitter_card":"summary_large_image","schema":{"@context":"https:\/\/schema.org","@graph":[{"@type":"WebPage","@id":"https:\/\/community.interfacing.com\/fr\/privacy-statement-ca\/","url":"https:\/\/community.interfacing.com\/fr\/privacy-statement-ca\/","name":"Privacy Statement (CA) - Interfacing Community","isPartOf":{"@id":"https:\/\/community.interfacing.com\/fr\/#website"},"datePublished":"2021-05-05T19:01:37+00:00","breadcrumb":{"@id":"https:\/\/community.interfacing.com\/fr\/privacy-statement-ca\/#breadcrumb"},"inLanguage":"fr-FR","potentialAction":[{"@type":"ReadAction","target":["https:\/\/community.interfacing.com\/fr\/privacy-statement-ca\/"]}]},{"@type":"BreadcrumbList","@id":"https:\/\/community.interfacing.com\/fr\/privacy-statement-ca\/#breadcrumb","itemListElement":[{"@type":"ListItem","position":1,"name":"Home","item":"https:\/\/community.interfacing.com\/fr\/"},{"@type":"ListItem","position":2,"name":"Privacy Statement (CA)"}]},{"@type":"WebSite","@id":"https:\/\/community.interfacing.com\/fr\/#website","url":"https:\/\/community.interfacing.com\/fr\/","name":"Interfacing Community","description":"Where BPM and eBPA professionals exchange best digital transformation practices","potentialAction":[{"@type":"SearchAction","target":{"@type":"EntryPoint","urlTemplate":"https:\/\/community.interfacing.com\/fr\/?s={search_term_string}"},"query-input":{"@type":"PropertyValueSpecification","valueRequired":true,"valueName":"search_term_string"}}],"inLanguage":"fr-FR"}]}},"_links":{"self":[{"href":"https:\/\/community.interfacing.com\/fr\/wp-json\/wp\/v2\/pages\/229873","targetHints":{"allow":["GET"]}}],"collection":[{"href":"https:\/\/community.interfacing.com\/fr\/wp-json\/wp\/v2\/pages"}],"about":[{"href":"https:\/\/community.interfacing.com\/fr\/wp-json\/wp\/v2\/types\/page"}],"author":[{"embeddable":true,"href":"https:\/\/community.interfacing.com\/fr\/wp-json\/wp\/v2\/users\/4"}],"replies":[{"embeddable":true,"href":"https:\/\/community.interfacing.com\/fr\/wp-json\/wp\/v2\/comments?post=229873"}],"version-history":[{"count":0,"href":"https:\/\/community.interfacing.com\/fr\/wp-json\/wp\/v2\/pages\/229873\/revisions"}],"wp:attachment":[{"href":"https:\/\/community.interfacing.com\/fr\/wp-json\/wp\/v2\/media?parent=229873"}],"curies":[{"name":"wp","href":"https:\/\/api.w.org\/{rel}","templated":true}]}}