{"id":229870,"date":"2021-05-05T15:01:37","date_gmt":"2021-05-05T19:01:37","guid":{"rendered":"https:\/\/community.interfacing.com\/privacy-statement-uk\/"},"modified":"2021-05-05T15:01:37","modified_gmt":"2021-05-05T19:01:37","slug":"privacy-statement-uk","status":"publish","type":"page","link":"https:\/\/community.interfacing.com\/fr\/privacy-statement-uk\/","title":{"rendered":"Privacy Statement (UK)"},"content":{"rendered":"\n<!-- This legal document was generated by Complianz | GDPR\/CCPA Cookie Consent https:\/\/wordpress.org\/plugins\/complianz-gdpr -->\n<div id=\"cmplz-document\" class=\"cmplz-document privacy-statement\"><p><i>This privacy statement was last updated on 5 mai 2021 and applies to citizens of the United Kingdom.<\/i><\/p><p>In this privacy statement, we explain what we do with the data we obtain about you via <a href=\"https:\/\/community.interfacing.com\/fr\/\">https:\/\/community.interfacing.com\/fr\/<\/a>. We recommend you carefully read this statement. In our processing we comply with the requirements of privacy legislation. That means, among other things, that:<\/p><ul>\n                <li>we clearly state the purposes for which we process personal data. We do this by means of this privacy statement;<\/li>\n                <li>we aim to limit our collection of personal data to only the personal data required for legitimate purposes;<\/li>\n                <li>we first request your explicit consent to process your personal data in cases requiring your consent;<\/li>\n                <li>we take appropriate security measures to protect your personal data and also require this from parties that process personal data on our behalf;<\/li>\n                <li>we respect your right to access your personal data or have it corrected or deleted, at your request.<\/li>\n            <\/ul><p>If you have any questions, or want to know exactly what data we keep of you, please contact us.<\/p><h2>1. Finalit\u00e9, donn\u00e9es et dur\u00e9e de conservation<\/h2><details class=\"cmplz-dropdown dropdown-privacy-statement\"><summary><div><h3>1.1 Contact &#8211; Par t\u00e9l\u00e9phone, courrier, e-mail et\/ou formulaires web<\/h3><\/div><\/summary><p class=\"cmplz-subtitle\">Dans cette finalit\u00e9, nous utilisons les donn\u00e9es suivantes\u00a0:<\/p><ul><li>Adresse de messagerie<\/li><li>Nom d\u2019utilisateur, mots de passe et autres donn\u00e9es sp\u00e9cifiques au compte<\/li><\/ul><p class=\"cmplz-subtitle\">La base sur laquelle nous pouvons traiter ces donn\u00e9es est\u00a0:<\/p><a target=\"_blank\" rel=\"noopener noreferrer nofollow\" href=\"https:\/\/cookiedatabase.org\/legal-bases\/#consent\">Consentement obtenu<\/a><p class=\"cmplz-subtitle\">Dur\u00e9e de conservation<\/p>Nous conservons ces donn\u00e9es jusqu\u2019\u00e0 la fin du service.<\/details><details class=\"cmplz-dropdown dropdown-privacy-statement\"><summary><div><h3>1.2 Enregistrement d\u2019un compte<\/h3><\/div><\/summary><p class=\"cmplz-subtitle\">Dans cette finalit\u00e9, nous utilisons les donn\u00e9es suivantes\u00a0:<\/p><ul><li>Adresse de messagerie<\/li><li>Nom d\u2019utilisateur, mots de passe et autres donn\u00e9es sp\u00e9cifiques au compte<\/li><\/ul><p class=\"cmplz-subtitle\">La base sur laquelle nous pouvons traiter ces donn\u00e9es est\u00a0:<\/p><a target=\"_blank\" rel=\"noopener noreferrer nofollow\" href=\"https:\/\/cookiedatabase.org\/legal-bases\/#consent\">Consentement obtenu<\/a><p class=\"cmplz-subtitle\">Dur\u00e9e de conservation<\/p>Nous conservons ces donn\u00e9es jusqu\u2019\u00e0 la fin du service.<\/details><details class=\"cmplz-dropdown dropdown-privacy-statement\"><summary><div><h3>1.3 Infolettres<\/h3><\/div><\/summary><p class=\"cmplz-subtitle\">Dans cette finalit\u00e9, nous utilisons les donn\u00e9es suivantes\u00a0:<\/p><ul><li>Adresse de messagerie<\/li><li>Nom d\u2019utilisateur, mots de passe et autres donn\u00e9es sp\u00e9cifiques au compte<\/li><\/ul><p class=\"cmplz-subtitle\">La base sur laquelle nous pouvons traiter ces donn\u00e9es est\u00a0:<\/p><a target=\"_blank\" rel=\"noopener noreferrer nofollow\" href=\"https:\/\/cookiedatabase.org\/legal-bases\/#consent\">Consentement obtenu<\/a><p class=\"cmplz-subtitle\">Dur\u00e9e de conservation<\/p>Nous conservons ces donn\u00e9es jusqu\u2019\u00e0 la fin du service.<\/details><h2>2. Cookies<\/h2>Our website uses cookies. For more information about cookies, please refer to our <a href=\"https:\/\/community.interfacing.com\/fr\/cookie-policy-uk\/\">Cookie Policy<\/a>.&nbsp;We have concluded a data processing agreement with Google.Google may not use the data for any other Google services.<h2>3. Security<\/h2>We are committed to the security of personal data. We take appropriate security measures to limit abuse of and unauthorised access to personal data. This ensures that only the necessary persons have access to your data, that access to the data is protected, and that our security measures are regularly reviewed.<h2>4. Third-party websites<\/h2>This privacy statement does not apply to third-party websites connected by links on our website. We cannot guarantee that these third parties handle your personal data in a reliable or secure manner. We recommend you read the privacy statements of these websites prior to making use of these websites.<h2>5. Amendments to this privacy statement<\/h2>We reserve the right to make amendments to this privacy statement. It is recommended that you consult this privacy statement regularly in order to be aware of any changes. In addition, we will actively inform you wherever possible.<h2>6. Accessing and modifying your data<\/h2><p>If you have any questions or want to know which personal data we have about you, please contact us. You can contact us by using the information below. You have the following rights:<\/p><ul>\n                <li>You have the right to know why your personal data is needed, what will happen to it, and how long it will be retained for.<\/li>\n                <li>Right of access: You have the right to access your personal data that is known to us.<\/li>\n                <li>Right to rectification: you have the right to supplement, correct, have deleted or blocked your personal data whenever you wish.<\/li>\n                <li>If you give us your consent to process your data, you have the right to revoke that consent and to have your personal data deleted.<\/li>\n                <li>Right to transfer your data: you have the right to request all your personal data from the controller and transfer it in its entirety to another controller.<\/li>\n                <li>Right to object: you may object to the processing of your data. We comply with this, unless there are justified grounds for processing.<\/li>\n            <\/ul><p>Please make sure to always clearly state who you are, so that we can be certain that we do not modify or delete any data of the wrong person.<\/p><h2>7. Submitting a complaint<\/h2>If you are not satisfied with the way in which we handle (a complaint about) the processing of your personal data, you have the right to submit a complaint to the Information Commissioner&#8217;s Office:Wycliffe House<br>\n                        Water Lane<br>\n                        Wilmslow<br>\n                        Cheshire<br>\n                        SK9 5AF<h2>8. Children<\/h2><p>Our website is not designed to attract children and it is not our intent to collect personal data from children under the age of consent in their country of residence. We therefore request that children under the age of consent do not submit any personal data to us.<\/p><h2>9. Contact details<\/h2><p>Interfacing Technologies Corporation<br>\n        460 Saint-Catherine St W, suite 805, Montreal, Quebec H3B 1A6<br>\n        Canada<br>\n        Website: <a href=\"https:\/\/community.interfacing.com\/fr\/\">https:\/\/community.interfacing.com\/fr\/<\/a> <br>\n        Email: <a href=\"mailto:&#100;po&#x40;inter&#x66;ac&#105;ng&#x2e;co&#x6d;\">&#100;po&#x40;inter&#x66;ac&#105;ng&#x2e;co&#x6d;<\/a> <br>\n        Num\u00e9ro de t\u00e9l\u00e9phone: +1 514 737 7333<br><\/p><h2>Annex<\/h2><h3>LearnDash LMS<\/h3>\r\nThis sample language includes the basics around what personal data your LMS may be collecting, storing and sharing, as well as who may have access to that data. Depending on what settings are enabled and which additional plugins are used, the specific information shared by your site will vary. We recommend consulting with a lawyer when deciding what information to disclose on your privacy policy.\r\nWe collect information about you during the course purchase process (PayPal, Stripe, and\/or 2Checkout), as well as information relating to your course progression and quiz performance.\r\n<h2>What we collect and store<\/h2>\r\nWhen you purchase from us, we\u2019ll ask you to provide email address. We\u2019ll use this information for purposes, such as, to:\r\n\r\n&#8211;Send you information about your account and order\r\n\r\n&#8211;Create your account for our LMS\r\n\r\nIf you register a free account then we will store your email address.\r\n\r\nWe store information about you for as long as your account exists.\r\n\r\nWe store course progress, including completion status, quiz scores, assignments and\/or essay submissions (if applicable).\r\n\r\nWe will also store comments on courses, lessons, topics, assignments, and essays if you choose to leave them.\r\n<h2>Who on our team has access<\/h2>\r\nMembers of our team have access to the information you provide us. For example, both Administrators and Group Leaders can access:\r\n\r\n&#8211;Order information such as your enrolled courses, course progress and username \/ email address.\r\n\r\nAny additional information added in your WordPress User Profile can also be visible to the administrator(s).\r\n<h2>What we share with others<\/h2>\r\nIn this section you should list who you\u2019re sharing data with, and for what purpose. This could include, but may not be limited to, analytics\/reporting tools, marketing services (such as email services like MailChimp), payment gateways, gamification programs, and third party embeds.\r\n\r\nWe share information with third parties who help us provide our orders and store services to you; for example \u2013 [insert third party platforms and short description of their purpose]\r\n<h2>Payments<\/h2>\r\nIn this subsection you should list which third party payment processors you\u2019re using to take payments on your store since these may handle customer data. We\u2019ve included PayPal below as an example, but you should remove any of these if they are not in use on your site.\r\n\r\nWe accept payments through PayPal. When processing payments, some of your data will be passed to PayPal, including information required to process or support the payment, such as the purchase total and billing information.\r\n\r\nPlease see the <a href=\"https:\/\/www.paypal.com\/us\/webapps\/mpp\/ua\/privacy-full\">PayPal Privacy Policy<\/a> for more details.<\/div>","protected":false},"excerpt":{"rendered":"","protected":false},"author":4,"featured_media":0,"parent":0,"menu_order":0,"comment_status":"closed","ping_status":"closed","template":"","meta":{"_et_pb_use_builder":"","_et_pb_old_content":"","_et_gb_content_width":"","inline_featured_image":false,"cybocfi_hide_featured_image":"","footnotes":""},"class_list":["post-229870","page","type-page","status-publish","hentry"],"yoast_head":"<!-- This site is optimized with the Yoast SEO plugin v27.3 - https:\/\/yoast.com\/product\/yoast-seo-wordpress\/ -->\n<title>Privacy Statement (UK) - Interfacing Community<\/title>\n<meta name=\"robots\" content=\"index, follow, max-snippet:-1, max-image-preview:large, max-video-preview:-1\" \/>\n<link rel=\"canonical\" href=\"https:\/\/community.interfacing.com\/fr\/privacy-statement-uk\/\" \/>\n<meta property=\"og:locale\" content=\"fr_FR\" \/>\n<meta property=\"og:type\" content=\"article\" \/>\n<meta property=\"og:title\" content=\"Privacy Statement (UK) - Interfacing Community\" \/>\n<meta property=\"og:url\" content=\"https:\/\/community.interfacing.com\/fr\/privacy-statement-uk\/\" \/>\n<meta property=\"og:site_name\" content=\"Interfacing Community\" \/>\n<meta name=\"twitter:card\" content=\"summary_large_image\" \/>\n<script type=\"application\/ld+json\" class=\"yoast-schema-graph\">{\"@context\":\"https:\\\/\\\/schema.org\",\"@graph\":[{\"@type\":\"WebPage\",\"@id\":\"https:\\\/\\\/community.interfacing.com\\\/fr\\\/privacy-statement-uk\\\/\",\"url\":\"https:\\\/\\\/community.interfacing.com\\\/fr\\\/privacy-statement-uk\\\/\",\"name\":\"Privacy Statement (UK) - Interfacing Community\",\"isPartOf\":{\"@id\":\"https:\\\/\\\/community.interfacing.com\\\/fr\\\/#website\"},\"datePublished\":\"2021-05-05T19:01:37+00:00\",\"breadcrumb\":{\"@id\":\"https:\\\/\\\/community.interfacing.com\\\/fr\\\/privacy-statement-uk\\\/#breadcrumb\"},\"inLanguage\":\"fr-FR\",\"potentialAction\":[{\"@type\":\"ReadAction\",\"target\":[\"https:\\\/\\\/community.interfacing.com\\\/fr\\\/privacy-statement-uk\\\/\"]}]},{\"@type\":\"BreadcrumbList\",\"@id\":\"https:\\\/\\\/community.interfacing.com\\\/fr\\\/privacy-statement-uk\\\/#breadcrumb\",\"itemListElement\":[{\"@type\":\"ListItem\",\"position\":1,\"name\":\"Home\",\"item\":\"https:\\\/\\\/community.interfacing.com\\\/fr\\\/\"},{\"@type\":\"ListItem\",\"position\":2,\"name\":\"Privacy Statement (UK)\"}]},{\"@type\":\"WebSite\",\"@id\":\"https:\\\/\\\/community.interfacing.com\\\/fr\\\/#website\",\"url\":\"https:\\\/\\\/community.interfacing.com\\\/fr\\\/\",\"name\":\"Interfacing Community\",\"description\":\"Where BPM and eBPA professionals exchange best digital transformation practices\",\"potentialAction\":[{\"@type\":\"SearchAction\",\"target\":{\"@type\":\"EntryPoint\",\"urlTemplate\":\"https:\\\/\\\/community.interfacing.com\\\/fr\\\/?s={search_term_string}\"},\"query-input\":{\"@type\":\"PropertyValueSpecification\",\"valueRequired\":true,\"valueName\":\"search_term_string\"}}],\"inLanguage\":\"fr-FR\"}]}<\/script>\n<!-- \/ Yoast SEO plugin. -->","yoast_head_json":{"title":"Privacy Statement (UK) - Interfacing Community","robots":{"index":"index","follow":"follow","max-snippet":"max-snippet:-1","max-image-preview":"max-image-preview:large","max-video-preview":"max-video-preview:-1"},"canonical":"https:\/\/community.interfacing.com\/fr\/privacy-statement-uk\/","og_locale":"fr_FR","og_type":"article","og_title":"Privacy Statement (UK) - Interfacing Community","og_url":"https:\/\/community.interfacing.com\/fr\/privacy-statement-uk\/","og_site_name":"Interfacing Community","twitter_card":"summary_large_image","schema":{"@context":"https:\/\/schema.org","@graph":[{"@type":"WebPage","@id":"https:\/\/community.interfacing.com\/fr\/privacy-statement-uk\/","url":"https:\/\/community.interfacing.com\/fr\/privacy-statement-uk\/","name":"Privacy Statement (UK) - Interfacing Community","isPartOf":{"@id":"https:\/\/community.interfacing.com\/fr\/#website"},"datePublished":"2021-05-05T19:01:37+00:00","breadcrumb":{"@id":"https:\/\/community.interfacing.com\/fr\/privacy-statement-uk\/#breadcrumb"},"inLanguage":"fr-FR","potentialAction":[{"@type":"ReadAction","target":["https:\/\/community.interfacing.com\/fr\/privacy-statement-uk\/"]}]},{"@type":"BreadcrumbList","@id":"https:\/\/community.interfacing.com\/fr\/privacy-statement-uk\/#breadcrumb","itemListElement":[{"@type":"ListItem","position":1,"name":"Home","item":"https:\/\/community.interfacing.com\/fr\/"},{"@type":"ListItem","position":2,"name":"Privacy Statement (UK)"}]},{"@type":"WebSite","@id":"https:\/\/community.interfacing.com\/fr\/#website","url":"https:\/\/community.interfacing.com\/fr\/","name":"Interfacing Community","description":"Where BPM and eBPA professionals exchange best digital transformation practices","potentialAction":[{"@type":"SearchAction","target":{"@type":"EntryPoint","urlTemplate":"https:\/\/community.interfacing.com\/fr\/?s={search_term_string}"},"query-input":{"@type":"PropertyValueSpecification","valueRequired":true,"valueName":"search_term_string"}}],"inLanguage":"fr-FR"}]}},"_links":{"self":[{"href":"https:\/\/community.interfacing.com\/fr\/wp-json\/wp\/v2\/pages\/229870","targetHints":{"allow":["GET"]}}],"collection":[{"href":"https:\/\/community.interfacing.com\/fr\/wp-json\/wp\/v2\/pages"}],"about":[{"href":"https:\/\/community.interfacing.com\/fr\/wp-json\/wp\/v2\/types\/page"}],"author":[{"embeddable":true,"href":"https:\/\/community.interfacing.com\/fr\/wp-json\/wp\/v2\/users\/4"}],"replies":[{"embeddable":true,"href":"https:\/\/community.interfacing.com\/fr\/wp-json\/wp\/v2\/comments?post=229870"}],"version-history":[{"count":0,"href":"https:\/\/community.interfacing.com\/fr\/wp-json\/wp\/v2\/pages\/229870\/revisions"}],"wp:attachment":[{"href":"https:\/\/community.interfacing.com\/fr\/wp-json\/wp\/v2\/media?parent=229870"}],"curies":[{"name":"wp","href":"https:\/\/api.w.org\/{rel}","templated":true}]}}