{"id":229868,"date":"2021-05-05T15:01:37","date_gmt":"2021-05-05T19:01:37","guid":{"rendered":"https:\/\/community.interfacing.com\/privacy-statement-eu\/"},"modified":"2021-05-05T15:01:37","modified_gmt":"2021-05-05T19:01:37","slug":"privacy-statement-eu","status":"publish","type":"page","link":"https:\/\/community.interfacing.com\/fr\/privacy-statement-eu\/","title":{"rendered":"Privacy Statement (EU)"},"content":{"rendered":"\n<!-- This legal document was generated by Complianz | GDPR\/CCPA Cookie Consent https:\/\/wordpress.org\/plugins\/complianz-gdpr -->\n<div id=\"cmplz-document\" class=\"cmplz-document privacy-statement\"><p><i>Cette d\u00e9claration de confidentialit\u00e9 a \u00e9t\u00e9 mise \u00e0 jour en 5 mai 2021 et s\u2019applique aux citoyens de l\u2019Espace \u00e9conomique europ\u00e9en.<\/i><\/p><p>Dans cette d\u00e9claration de confidentialit\u00e9, nous expliquons ce que nous faisons avec les donn\u00e9es que nous obtenons \u00e0 votre sujet via <a href=\"https:\/\/community.interfacing.com\/fr\/\">https:\/\/community.interfacing.com\/fr\/<\/a>. Nous vous recommandons de lire attentivement cette d\u00e9claration. Lors de notre traitement, nous nous conformons aux exigences de la l\u00e9gislation sur la confidentialit\u00e9. Cela signifie, entre autres, que\u00a0:<\/p><ul>\n                <li>nous indiquons clairement dans quels buts nous traitons les donn\u00e9es personnelles. Nous faisons cela au moyen de cette d\u00e9claration de confidentialit\u00e9;<\/li>\n                <li>nous visons \u00e0 limiter notre recueil de donn\u00e9es personnelles uniquement aux donn\u00e9es personnelles n\u00e9cessaires \u00e0 des fins l\u00e9gitimes;<\/li>\n                <li>nous demandons d\u2019abord votre consentement explicite pour traiter vos donn\u00e9es personnelles dans les cas n\u00e9cessitant votre consentement;<\/li>\n                <li>nous prenons des mesures de s\u00e9curit\u00e9 appropri\u00e9es afin de prot\u00e9ger vos donn\u00e9es personnelles, et nous en demandons autant des parties traitant des donn\u00e9es personnelles pour nous;<\/li>\n                <li>nous respectons votre droit de consulter, corriger ou supprimer vos donn\u00e9es personnelles si vous en formulez la demande.<\/li>\n            <\/ul><p>Si vous avez des questions ou souhaitez savoir exactement quelles donn\u00e9es nous conservons, veuillez nous contacter.<\/p><h2>1. Finalit\u00e9, donn\u00e9es et dur\u00e9e de conservation<\/h2><details class=\"cmplz-dropdown dropdown-privacy-statement\"><summary><div><h3>1.1 Contact &#8211; Par t\u00e9l\u00e9phone, courrier, e-mail et\/ou formulaires web<\/h3><\/div><\/summary><p class=\"cmplz-subtitle\">Dans cette finalit\u00e9, nous utilisons les donn\u00e9es suivantes\u00a0:<\/p><ul><li>Adresse de messagerie<\/li><li>Nom d\u2019utilisateur, mots de passe et autres donn\u00e9es sp\u00e9cifiques au compte<\/li><\/ul><p class=\"cmplz-subtitle\">La base sur laquelle nous pouvons traiter ces donn\u00e9es est\u00a0:<\/p><a target=\"_blank\" rel=\"noopener noreferrer nofollow\" href=\"https:\/\/cookiedatabase.org\/legal-bases\/#consent\">Consentement obtenu<\/a><p class=\"cmplz-subtitle\">Dur\u00e9e de conservation<\/p>Nous conservons ces donn\u00e9es jusqu\u2019\u00e0 la fin du service.<\/details><details class=\"cmplz-dropdown dropdown-privacy-statement\"><summary><div><h3>1.2 Enregistrement d\u2019un compte<\/h3><\/div><\/summary><p class=\"cmplz-subtitle\">Dans cette finalit\u00e9, nous utilisons les donn\u00e9es suivantes\u00a0:<\/p><ul><li>Adresse de messagerie<\/li><li>Nom d\u2019utilisateur, mots de passe et autres donn\u00e9es sp\u00e9cifiques au compte<\/li><\/ul><p class=\"cmplz-subtitle\">La base sur laquelle nous pouvons traiter ces donn\u00e9es est\u00a0:<\/p><a target=\"_blank\" rel=\"noopener noreferrer nofollow\" href=\"https:\/\/cookiedatabase.org\/legal-bases\/#consent\">Consentement obtenu<\/a><p class=\"cmplz-subtitle\">Dur\u00e9e de conservation<\/p>Nous conservons ces donn\u00e9es jusqu\u2019\u00e0 la fin du service.<\/details><details class=\"cmplz-dropdown dropdown-privacy-statement\"><summary><div><h3>1.3 Infolettres<\/h3><\/div><\/summary><p class=\"cmplz-subtitle\">Dans cette finalit\u00e9, nous utilisons les donn\u00e9es suivantes\u00a0:<\/p><ul><li>Adresse de messagerie<\/li><li>Nom d\u2019utilisateur, mots de passe et autres donn\u00e9es sp\u00e9cifiques au compte<\/li><\/ul><p class=\"cmplz-subtitle\">La base sur laquelle nous pouvons traiter ces donn\u00e9es est\u00a0:<\/p><a target=\"_blank\" rel=\"noopener noreferrer nofollow\" href=\"https:\/\/cookiedatabase.org\/legal-bases\/#consent\">Consentement obtenu<\/a><p class=\"cmplz-subtitle\">Dur\u00e9e de conservation<\/p>Nous conservons ces donn\u00e9es jusqu\u2019\u00e0 la fin du service.<\/details><h2>2. Cookies<\/h2>Notre site web utilise des cookies. Pour plus d\u2019informations sur les cookies, veuillez vous r\u00e9f\u00e9rer \u00e0 notre <a href=\"https:\/\/community.interfacing.com\/fr\/cookie-policy-eu\/\">Politique de cookies<\/a>.&nbsp;Nous avons conclu un accord de traitement des donn\u00e9es avec Google.Google ne peut utiliser les donn\u00e9es pour aucun autre service Google.<h2>3. S\u00e9curit\u00e9<\/h2>Nous nous engageons \u00e0 la s\u00e9curit\u00e9 des donn\u00e9es personnelles. Nous prenons les mesures de s\u00e9curit\u00e9 appropri\u00e9es pour limiter les abus et l\u2019acc\u00e8s non autoris\u00e9 aux donn\u00e9es personnelles. Cela garantit que seules les personnes n\u00e9cessaires ont acc\u00e8s \u00e0 vos donn\u00e9es, que l\u2019acc\u00e8s aux donn\u00e9es est prot\u00e9g\u00e9 et que nos mesures de s\u00e9curit\u00e9 sont r\u00e9guli\u00e8rement revues.<h2>4. Sites web tiers<\/h2>Cette d\u00e9claration de confidentialit\u00e9 ne s\u2019applique pas aux sites web tiers connect\u00e9s par des liens sur notre site web. Nous ne pouvons garantir que ces tierces parties g\u00e8rent vos donn\u00e9es personnelles de mani\u00e8re fiable ou s\u00e9curis\u00e9e. Nous vous recommandons de lire les d\u00e9clarations de confidentialit\u00e9 de ces sites web avant de les utiliser.<h2>5. Modifications apport\u00e9es \u00e0 cette d\u00e9claration de confidentialit\u00e9<\/h2>Nous nous r\u00e9servons le droit de modifier la pr\u00e9sente d\u00e9claration de confidentialit\u00e9. Il est recommand\u00e9 de consulter r\u00e9guli\u00e8rement cette d\u00e9claration de confidentialit\u00e9 afin de prendre connaissance de toute modification \u00e9ventuelle. De plus, nous vous informerons activement dans la mesure du possible.<h2>6. Acc\u00e9der \u00e0 vos donn\u00e9es et les modifier<\/h2><p>Si vous avez des questions ou souhaitez savoir quelles sont les donn\u00e9es personnelles que nous avons \u00e0 votre sujet, veuillez nous contacter. Vous pouvez nous contacter en utilisant les informations ci-dessous. Vous avez les droits suivants:<\/p><ul>\n                <li>Vous avez le droit de savoir pourquoi vos donn\u00e9es personnelles sont n\u00e9cessaires, ce qui leur arrivera et combien de temps elles seront conserv\u00e9es.<\/li>\n                <li>Droit d\u2019acc\u00e8s\u00a0: vous avez le droit d\u2019acc\u00e9der \u00e0 vos donn\u00e9es personnelles que nous connaissons.<\/li>\n                <li>Droit de rectification\u00a0: vous avez le droit \u00e0 tout moment de compl\u00e9ter, corriger, faire supprimer ou bloquer vos donn\u00e9es personnelles.<\/li>\n                <li>Si vous nous donnez votre consentement pour le traitement de vos donn\u00e9es, vous avez le droit de r\u00e9voquer ce consentement et de faire supprimer vos donn\u00e9es personnelles.<\/li>\n                <li>Droit de transf\u00e9rer vos donn\u00e9es\u00a0: vous avez le droit de demander toutes vos donn\u00e9es personnelles au responsable du traitement et de les transf\u00e9rer dans leur int\u00e9gralit\u00e9 \u00e0 un autre responsable du traitement.<\/li>\n                <li>Droit d\u2019opposition\u00a0: vous pouvez vous opposer au traitement de vos donn\u00e9es. Nous obtemp\u00e9rerons, \u00e0 moins que certaines raisons ne justifient ce traitement.<\/li>\n            <\/ul><p>Assurez-vous de toujours indiquer clairement qui vous \u00eates, afin que nous puissions \u00eatre certains de ne pas modifier ni supprimer les donn\u00e9es de la mauvaise personne.<\/p><h2>7. D\u00e9poser une plainte<\/h2>Si vous n\u2019\u00eates pas satisfait de la mani\u00e8re dont nous traitons (une r\u00e9clamation concernant) le traitement de vos donn\u00e9es \u00e0 caract\u00e8re personnel, vous avez le droit de d\u00e9poser une r\u00e9clamation aupr\u00e8s de l\u2019autorit\u00e9 de protection des donn\u00e9es.<h2>8. D\u00e9l\u00e9gu\u00e9 \u00e0 la protection des donn\u00e9es<\/h2>Notre d\u00e9l\u00e9gu\u00e9 \u00e0 la protection des donn\u00e9es \u00e0 \u00e9t\u00e9 enregistr\u00e9 aupr\u00e8s des autorit\u00e9s charg\u00e9es de la protection des donn\u00e9es dans un \u00c9tat membre de l\u2019UE. Si vous avez des questions ou demandes concernant cette d\u00e9claration de confidentialit\u00e9 ou pour le d\u00e9l\u00e9gu\u00e9 \u00e0 la protection des donn\u00e9es, vous pouvez contacter Babak Zamiri, via  ou dpo@interfacing.com ou par t\u00e9l\u00e9phone au +1 (514) 737-7333.<h2>9. Coordonn\u00e9es<\/h2><p>Interfacing Technologies Corporation<br>\n        460 Saint-Catherine St W, suite 805, Montreal, Quebec H3B 1A6<br>\n        Canada<br>\n        Site web\u00a0: <a href=\"https:\/\/community.interfacing.com\/fr\/\">https:\/\/community.interfacing.com\/fr\/<\/a> <br>\n        E-mail\u00a0: <a href=\"mailto:dpo&#x40;in&#x74;erf&#097;c&#x69;&#x6e;g&#046;com\">dpo&#x40;in&#x74;erf&#097;c&#x69;&#x6e;g&#046;com<\/a> <br>\n        Num\u00e9ro de t\u00e9l\u00e9phone: +1 514 737 7333<br><\/p><h2>Annexes<\/h2><h3>LearnDash LMS<\/h3>\r\nThis sample language includes the basics around what personal data your LMS may be collecting, storing and sharing, as well as who may have access to that data. Depending on what settings are enabled and which additional plugins are used, the specific information shared by your site will vary. We recommend consulting with a lawyer when deciding what information to disclose on your privacy policy.\r\nWe collect information about you during the course purchase process (PayPal, Stripe, and\/or 2Checkout), as well as information relating to your course progression and quiz performance.\r\n<h2>What we collect and store<\/h2>\r\nWhen you purchase from us, we\u2019ll ask you to provide email address. We\u2019ll use this information for purposes, such as, to:\r\n\r\n&#8211;Send you information about your account and order\r\n\r\n&#8211;Create your account for our LMS\r\n\r\nIf you register a free account then we will store your email address.\r\n\r\nWe store information about you for as long as your account exists.\r\n\r\nWe store course progress, including completion status, quiz scores, assignments and\/or essay submissions (if applicable).\r\n\r\nWe will also store comments on courses, lessons, topics, assignments, and essays if you choose to leave them.\r\n<h2>Who on our team has access<\/h2>\r\nMembers of our team have access to the information you provide us. For example, both Administrators and Group Leaders can access:\r\n\r\n&#8211;Order information such as your enrolled courses, course progress and username \/ email address.\r\n\r\nAny additional information added in your WordPress User Profile can also be visible to the administrator(s).\r\n<h2>What we share with others<\/h2>\r\nIn this section you should list who you\u2019re sharing data with, and for what purpose. This could include, but may not be limited to, analytics\/reporting tools, marketing services (such as email services like MailChimp), payment gateways, gamification programs, and third party embeds.\r\n\r\nWe share information with third parties who help us provide our orders and store services to you; for example \u2013 [insert third party platforms and short description of their purpose]\r\n<h2>Payments<\/h2>\r\nIn this subsection you should list which third party payment processors you\u2019re using to take payments on your store since these may handle customer data. We\u2019ve included PayPal below as an example, but you should remove any of these if they are not in use on your site.\r\n\r\nWe accept payments through PayPal. When processing payments, some of your data will be passed to PayPal, including information required to process or support the payment, such as the purchase total and billing information.\r\n\r\nPlease see the <a href=\"https:\/\/www.paypal.com\/us\/webapps\/mpp\/ua\/privacy-full\">PayPal Privacy Policy<\/a> for more details.<\/div>","protected":false},"excerpt":{"rendered":"","protected":false},"author":4,"featured_media":0,"parent":0,"menu_order":0,"comment_status":"closed","ping_status":"closed","template":"","meta":{"_et_pb_use_builder":"","_et_pb_old_content":"","_et_gb_content_width":"","inline_featured_image":false,"cybocfi_hide_featured_image":"","footnotes":""},"class_list":["post-229868","page","type-page","status-publish","hentry"],"yoast_head":"<!-- This site is optimized with the Yoast SEO plugin v27.3 - https:\/\/yoast.com\/product\/yoast-seo-wordpress\/ -->\n<title>Privacy Statement (EU) - Interfacing Community<\/title>\n<meta name=\"robots\" content=\"index, follow, max-snippet:-1, max-image-preview:large, max-video-preview:-1\" \/>\n<link rel=\"canonical\" href=\"https:\/\/community.interfacing.com\/fr\/privacy-statement-eu\/\" \/>\n<meta property=\"og:locale\" content=\"fr_FR\" \/>\n<meta property=\"og:type\" content=\"article\" \/>\n<meta property=\"og:title\" content=\"Privacy Statement (EU) - Interfacing Community\" \/>\n<meta property=\"og:url\" content=\"https:\/\/community.interfacing.com\/fr\/privacy-statement-eu\/\" \/>\n<meta property=\"og:site_name\" content=\"Interfacing Community\" \/>\n<meta name=\"twitter:card\" content=\"summary_large_image\" \/>\n<script type=\"application\/ld+json\" class=\"yoast-schema-graph\">{\"@context\":\"https:\\\/\\\/schema.org\",\"@graph\":[{\"@type\":\"WebPage\",\"@id\":\"https:\\\/\\\/community.interfacing.com\\\/fr\\\/privacy-statement-eu\\\/\",\"url\":\"https:\\\/\\\/community.interfacing.com\\\/fr\\\/privacy-statement-eu\\\/\",\"name\":\"Privacy Statement (EU) - Interfacing Community\",\"isPartOf\":{\"@id\":\"https:\\\/\\\/community.interfacing.com\\\/fr\\\/#website\"},\"datePublished\":\"2021-05-05T19:01:37+00:00\",\"breadcrumb\":{\"@id\":\"https:\\\/\\\/community.interfacing.com\\\/fr\\\/privacy-statement-eu\\\/#breadcrumb\"},\"inLanguage\":\"fr-FR\",\"potentialAction\":[{\"@type\":\"ReadAction\",\"target\":[\"https:\\\/\\\/community.interfacing.com\\\/fr\\\/privacy-statement-eu\\\/\"]}]},{\"@type\":\"BreadcrumbList\",\"@id\":\"https:\\\/\\\/community.interfacing.com\\\/fr\\\/privacy-statement-eu\\\/#breadcrumb\",\"itemListElement\":[{\"@type\":\"ListItem\",\"position\":1,\"name\":\"Home\",\"item\":\"https:\\\/\\\/community.interfacing.com\\\/fr\\\/\"},{\"@type\":\"ListItem\",\"position\":2,\"name\":\"Privacy Statement (EU)\"}]},{\"@type\":\"WebSite\",\"@id\":\"https:\\\/\\\/community.interfacing.com\\\/fr\\\/#website\",\"url\":\"https:\\\/\\\/community.interfacing.com\\\/fr\\\/\",\"name\":\"Interfacing Community\",\"description\":\"Where BPM and eBPA professionals exchange best digital transformation practices\",\"potentialAction\":[{\"@type\":\"SearchAction\",\"target\":{\"@type\":\"EntryPoint\",\"urlTemplate\":\"https:\\\/\\\/community.interfacing.com\\\/fr\\\/?s={search_term_string}\"},\"query-input\":{\"@type\":\"PropertyValueSpecification\",\"valueRequired\":true,\"valueName\":\"search_term_string\"}}],\"inLanguage\":\"fr-FR\"}]}<\/script>\n<!-- \/ Yoast SEO plugin. -->","yoast_head_json":{"title":"Privacy Statement (EU) - Interfacing Community","robots":{"index":"index","follow":"follow","max-snippet":"max-snippet:-1","max-image-preview":"max-image-preview:large","max-video-preview":"max-video-preview:-1"},"canonical":"https:\/\/community.interfacing.com\/fr\/privacy-statement-eu\/","og_locale":"fr_FR","og_type":"article","og_title":"Privacy Statement (EU) - Interfacing Community","og_url":"https:\/\/community.interfacing.com\/fr\/privacy-statement-eu\/","og_site_name":"Interfacing Community","twitter_card":"summary_large_image","schema":{"@context":"https:\/\/schema.org","@graph":[{"@type":"WebPage","@id":"https:\/\/community.interfacing.com\/fr\/privacy-statement-eu\/","url":"https:\/\/community.interfacing.com\/fr\/privacy-statement-eu\/","name":"Privacy Statement (EU) - Interfacing Community","isPartOf":{"@id":"https:\/\/community.interfacing.com\/fr\/#website"},"datePublished":"2021-05-05T19:01:37+00:00","breadcrumb":{"@id":"https:\/\/community.interfacing.com\/fr\/privacy-statement-eu\/#breadcrumb"},"inLanguage":"fr-FR","potentialAction":[{"@type":"ReadAction","target":["https:\/\/community.interfacing.com\/fr\/privacy-statement-eu\/"]}]},{"@type":"BreadcrumbList","@id":"https:\/\/community.interfacing.com\/fr\/privacy-statement-eu\/#breadcrumb","itemListElement":[{"@type":"ListItem","position":1,"name":"Home","item":"https:\/\/community.interfacing.com\/fr\/"},{"@type":"ListItem","position":2,"name":"Privacy Statement (EU)"}]},{"@type":"WebSite","@id":"https:\/\/community.interfacing.com\/fr\/#website","url":"https:\/\/community.interfacing.com\/fr\/","name":"Interfacing Community","description":"Where BPM and eBPA professionals exchange best digital transformation practices","potentialAction":[{"@type":"SearchAction","target":{"@type":"EntryPoint","urlTemplate":"https:\/\/community.interfacing.com\/fr\/?s={search_term_string}"},"query-input":{"@type":"PropertyValueSpecification","valueRequired":true,"valueName":"search_term_string"}}],"inLanguage":"fr-FR"}]}},"_links":{"self":[{"href":"https:\/\/community.interfacing.com\/fr\/wp-json\/wp\/v2\/pages\/229868","targetHints":{"allow":["GET"]}}],"collection":[{"href":"https:\/\/community.interfacing.com\/fr\/wp-json\/wp\/v2\/pages"}],"about":[{"href":"https:\/\/community.interfacing.com\/fr\/wp-json\/wp\/v2\/types\/page"}],"author":[{"embeddable":true,"href":"https:\/\/community.interfacing.com\/fr\/wp-json\/wp\/v2\/users\/4"}],"replies":[{"embeddable":true,"href":"https:\/\/community.interfacing.com\/fr\/wp-json\/wp\/v2\/comments?post=229868"}],"version-history":[{"count":0,"href":"https:\/\/community.interfacing.com\/fr\/wp-json\/wp\/v2\/pages\/229868\/revisions"}],"wp:attachment":[{"href":"https:\/\/community.interfacing.com\/fr\/wp-json\/wp\/v2\/media?parent=229868"}],"curies":[{"name":"wp","href":"https:\/\/api.w.org\/{rel}","templated":true}]}}